{"id":146,"date":"2024-07-10T01:45:26","date_gmt":"2024-07-10T01:45:26","guid":{"rendered":"https:\/\/demo2wpopal.b-cdn.net\/asteno\/?page_id=146"},"modified":"2025-07-15T16:39:17","modified_gmt":"2025-07-15T14:39:17","slug":"vini","status":"publish","type":"page","link":"https:\/\/www.poggioverrano.com\/it\/vini\/","title":{"rendered":"Vini"},"content":{"rendered":"\t\t<div data-elementor-type=\"wp-page\" data-elementor-id=\"146\" class=\"elementor elementor-146\">\n\t\t\t\t<div class=\"elementor-element elementor-element-36096c67 e-flex e-con-boxed elementor-invisible e-con e-parent\" data-id=\"36096c67\" data-element_type=\"container\" data-settings=\"{&quot;background_background&quot;:&quot;classic&quot;,&quot;animation&quot;:&quot;fadeIn&quot;}\">\n\t\t\t\t\t<div class=\"e-con-inner\">\n\t\t\t\t<div class=\"elementor-element elementor-element-1cd47a41 elementor-invisible elementor-widget elementor-widget-heading\" data-id=\"1cd47a41\" data-element_type=\"widget\" data-settings=\"{&quot;_animation&quot;:&quot;fadeIn&quot;,&quot;_animation_delay&quot;:250}\" data-widget_type=\"heading.default\">\n\t\t\t\t<div class=\"elementor-widget-container\">\n\t\t\t\t\t<h2 class=\"elementor-heading-title elementor-size-default\">Vini<\/h2>\t\t\t\t<\/div>\n\t\t\t\t<\/div>\n\t\t\t\t<div class=\"elementor-element elementor-element-68352cdf elementor-absolute animated-fast elementor-invisible elementor-widget elementor-widget-image\" data-id=\"68352cdf\" data-element_type=\"widget\" data-settings=\"{&quot;_position&quot;:&quot;absolute&quot;,&quot;_animation&quot;:&quot;opal-move-down&quot;,&quot;_animation_delay&quot;:900}\" data-widget_type=\"image.default\">\n\t\t\t\t<div class=\"elementor-widget-container\">\n\t\t\t\t\t\t\t\t\t\t\t\t\t\t\t<img decoding=\"async\" width=\"60\" height=\"84\" src=\"https:\/\/www.poggioverrano.com\/wp-content\/uploads\/2025\/03\/scroll-centered-1.png\" class=\"attachment-full size-full wp-image-6642\" alt=\"\" \/>\t\t\t\t\t\t\t\t\t\t\t\t\t\t\t<\/div>\n\t\t\t\t<\/div>\n\t\t\t\t\t<\/div>\n\t\t\t\t<\/div>\n\t\t<div class=\"elementor-element elementor-element-ce5c8fe e-flex e-con-boxed e-con e-parent\" data-id=\"ce5c8fe\" data-element_type=\"container\">\n\t\t\t\t\t<div class=\"e-con-inner\">\n\t\t<div class=\"elementor-element elementor-element-735d554 e-con-full e-flex e-con e-child\" data-id=\"735d554\" data-element_type=\"container\">\n\t\t\t\t<div class=\"elementor-element elementor-element-50c563f elementor-widget-mobile__width-inherit elementor-invisible elementor-widget elementor-widget-image\" data-id=\"50c563f\" data-element_type=\"widget\" data-settings=\"{&quot;_animation&quot;:&quot;opal-move-right&quot;}\" data-widget_type=\"image.default\">\n\t\t\t\t<div class=\"elementor-widget-container\">\n\t\t\t\t\t\t\t\t\t\t\t\t\t\t\t<img fetchpriority=\"high\" decoding=\"async\" width=\"667\" height=\"1000\" src=\"https:\/\/www.poggioverrano.com\/wp-content\/uploads\/2025\/02\/A7R0036-Dromos-Inclinata.jpg\" class=\"attachment-full size-full wp-image-5159\" alt=\"\" srcset=\"https:\/\/www.poggioverrano.com\/wp-content\/uploads\/2025\/02\/A7R0036-Dromos-Inclinata.jpg 667w, https:\/\/www.poggioverrano.com\/wp-content\/uploads\/2025\/02\/A7R0036-Dromos-Inclinata-200x300.jpg 200w, https:\/\/www.poggioverrano.com\/wp-content\/uploads\/2025\/02\/A7R0036-Dromos-Inclinata-450x675.jpg 450w\" sizes=\"(max-width: 667px) 100vw, 667px\" \/>\t\t\t\t\t\t\t\t\t\t\t\t\t\t\t<\/div>\n\t\t\t\t<\/div>\n\t\t\t\t<\/div>\n\t\t<div class=\"elementor-element elementor-element-ae68c17 e-con-full e-flex e-con e-child\" data-id=\"ae68c17\" data-element_type=\"container\">\n\t\t\t\t<div class=\"elementor-element elementor-element-fe1f56b elementor-invisible elementor-widget elementor-widget-heading\" data-id=\"fe1f56b\" data-element_type=\"widget\" data-settings=\"{&quot;_animation&quot;:&quot;opal-move-up&quot;}\" data-widget_type=\"heading.default\">\n\t\t\t\t<div class=\"elementor-widget-container\">\n\t\t\t\t\t<h2 class=\"elementor-heading-title elementor-size-default\">DR\u00d2MOS<\/h2>\t\t\t\t<\/div>\n\t\t\t\t<\/div>\n\t\t<div class=\"elementor-element elementor-element-d483ca7 e-con-full e-flex elementor-invisible e-con e-child\" data-id=\"d483ca7\" data-element_type=\"container\" data-settings=\"{&quot;animation&quot;:&quot;opal-move-up&quot;}\">\n\t\t\t\t<div class=\"elementor-element elementor-element-290a00e elementor-widget elementor-widget-heading\" data-id=\"290a00e\" data-element_type=\"widget\" data-widget_type=\"heading.default\">\n\t\t\t\t<div class=\"elementor-widget-container\">\n\t\t\t\t\t<span class=\"elementor-heading-title elementor-size-default\">IGT TOSCANA ROSSO<\/span>\t\t\t\t<\/div>\n\t\t\t\t<\/div>\n\t\t\t\t<\/div>\n\t\t\t\t<div class=\"elementor-element elementor-element-58164d1 elementor-invisible elementor-widget elementor-widget-text-editor\" data-id=\"58164d1\" data-element_type=\"widget\" data-settings=\"{&quot;_animation&quot;:&quot;opal-move-up&quot;}\" data-widget_type=\"text-editor.default\">\n\t\t\t\t<div class=\"elementor-widget-container\">\n\t\t\t\t\t\t\t\t\tIl nome Dr\u00f2mos racchiude in s\u00e9 un significato profondo e suggestivo, ispirato alla parola di origine etrusca che indicava il corridoio d\u2019accesso ai locali sacri.\u00a0<span style=\"color: var( --e-global-color-accent ); text-align: var(--text-align); background-color: var( --e-global-color-background_light );\">\u00c8 un omaggio alle radici profonde della Maremma Toscana, un territorio dove il tempo sembra scorrere come un filo invisibile che lega passato e presente, sacro e quotidiano, arte e natura.<\/span>\t\t\t\t\t\t\t\t<\/div>\n\t\t\t\t<\/div>\n\t\t\t\t<div class=\"elementor-element elementor-element-0b5fe42 elementor-button-outline elementor-invisible elementor-widget elementor-widget-button\" data-id=\"0b5fe42\" data-element_type=\"widget\" data-settings=\"{&quot;_animation&quot;:&quot;opal-move-up&quot;}\" data-widget_type=\"button.default\">\n\t\t\t\t<div class=\"elementor-widget-container\">\n\t\t\t\t\t\t\t\t\t<div class=\"elementor-button-wrapper\">\n\t\t\t\t\t<a class=\"elementor-button elementor-button-link elementor-size-sm\" href=\"\/it\/dromos\/\">\n\t\t\t\t\t\t<span class=\"elementor-button-content-wrapper\">\n\t\t\t\t\t\t<span class=\"elementor-button-icon\">\n\t\t\t\t<i aria-hidden=\"true\" class=\"asteno-icon- asteno-icon-angle-right\"><\/i>\t\t\t<\/span>\n\t\t\t\t\t\t\t\t\t<span class=\"elementor-button-text\">Scopri<\/span>\n\t\t\t\t\t<\/span>\n\t\t\t\t\t<\/a>\n\t\t\t\t<\/div>\n\t\t\t\t\t\t\t\t<\/div>\n\t\t\t\t<\/div>\n\t\t\t\t<div class=\"elementor-element elementor-element-0d9d279 elementor-widget-mobile__width-inherit elementor-invisible elementor-widget elementor-widget-image\" data-id=\"0d9d279\" data-element_type=\"widget\" data-settings=\"{&quot;_animation&quot;:&quot;opal-move-up&quot;}\" data-widget_type=\"image.default\">\n\t\t\t\t<div class=\"elementor-widget-container\">\n\t\t\t\t\t\t\t\t\t\t\t\t\t\t\t<img decoding=\"async\" width=\"1191\" height=\"1684\" src=\"https:\/\/www.poggioverrano.com\/wp-content\/uploads\/2025\/06\/1-2.png\" class=\"attachment-full size-full wp-image-7404\" alt=\"\" srcset=\"https:\/\/www.poggioverrano.com\/wp-content\/uploads\/2025\/06\/1-2.png 1191w, https:\/\/www.poggioverrano.com\/wp-content\/uploads\/2025\/06\/1-2-212x300.png 212w, https:\/\/www.poggioverrano.com\/wp-content\/uploads\/2025\/06\/1-2-724x1024.png 724w, https:\/\/www.poggioverrano.com\/wp-content\/uploads\/2025\/06\/1-2-768x1086.png 768w, https:\/\/www.poggioverrano.com\/wp-content\/uploads\/2025\/06\/1-2-1086x1536.png 1086w, https:\/\/www.poggioverrano.com\/wp-content\/uploads\/2025\/06\/1-2-450x636.png 450w, https:\/\/www.poggioverrano.com\/wp-content\/uploads\/2025\/06\/1-2-800x1131.png 800w\" sizes=\"(max-width: 1191px) 100vw, 1191px\" \/>\t\t\t\t\t\t\t\t\t\t\t\t\t\t\t<\/div>\n\t\t\t\t<\/div>\n\t\t\t\t<\/div>\n\t\t\t\t\t<\/div>\n\t\t\t\t<\/div>\n\t\t<div class=\"elementor-element elementor-element-725036f e-flex e-con-boxed e-con e-parent\" data-id=\"725036f\" data-element_type=\"container\">\n\t\t\t\t\t<div class=\"e-con-inner\">\n\t\t<div class=\"elementor-element elementor-element-b8cc2d3 e-con-full e-flex elementor-invisible e-con e-child\" data-id=\"b8cc2d3\" data-element_type=\"container\" data-settings=\"{&quot;background_background&quot;:&quot;classic&quot;,&quot;animation&quot;:&quot;opal-move-up&quot;}\">\n\t\t\t\t<div class=\"elementor-element elementor-element-caea8e4 elementor-widget elementor-widget-spacer\" data-id=\"caea8e4\" data-element_type=\"widget\" data-widget_type=\"spacer.default\">\n\t\t\t\t<div class=\"elementor-widget-container\">\n\t\t\t\t\t\t\t<div class=\"elementor-spacer\">\n\t\t\t<div class=\"elementor-spacer-inner\"><\/div>\n\t\t<\/div>\n\t\t\t\t\t\t<\/div>\n\t\t\t\t<\/div>\n\t\t\t\t<div class=\"elementor-element elementor-element-4c6e427 asteno-scrolling-ltr elementor-widget elementor-widget-asteno-slide-scrolling\" data-id=\"4c6e427\" data-element_type=\"widget\" data-widget_type=\"asteno-slide-scrolling.default\">\n\t\t\t\t<div class=\"elementor-widget-container\">\n\t\t\t\t\t            <div class=\"elementor-scrolling\">\n                <div class=\"elementor-scrolling-wrapper\">\n                                            <div class=\"elementor-scrolling-inner\">\n                                                            <div class=\"elementor-scrolling-item\">\n                                    <div class=\"elementor-scrolling-item-inner\">\n                                                                                <div class=\"scrolling-title elementor-repeater-item-997cc8b\">\n                                            <a href=\"#\"  title=\"\u00b7\"><span>\u00b7<\/span><\/a>                                        <\/div>\n\n                                    <\/div>\n                                <\/div>\n                                                            <div class=\"elementor-scrolling-item\">\n                                    <div class=\"elementor-scrolling-item-inner\">\n                                                                                <div class=\"scrolling-title elementor-repeater-item-529372f\">\n                                            <a href=\"#\"  title=\"Profondit\u00e0\"><span>Profondit\u00e0<\/span><\/a>                                        <\/div>\n\n                                    <\/div>\n                                <\/div>\n                                                            <div class=\"elementor-scrolling-item\">\n                                    <div class=\"elementor-scrolling-item-inner\">\n                                                                                <div class=\"scrolling-title elementor-repeater-item-7300194\">\n                                            <a href=\"#\"  title=\"\u00b7\"><span>\u00b7<\/span><\/a>                                        <\/div>\n\n                                    <\/div>\n                                <\/div>\n                                                            <div class=\"elementor-scrolling-item\">\n                                    <div class=\"elementor-scrolling-item-inner\">\n                                                                                <div class=\"scrolling-title elementor-repeater-item-665549d\">\n                                            <a href=\"#\"  title=\"Struttura\"><span>Struttura<\/span><\/a>                                        <\/div>\n\n                                    <\/div>\n                                <\/div>\n                                                            <div class=\"elementor-scrolling-item\">\n                                    <div class=\"elementor-scrolling-item-inner\">\n                                                                                <div class=\"scrolling-title elementor-repeater-item-7e2a672\">\n                                            <a href=\"#\"  title=\"\u00b7\"><span>\u00b7<\/span><\/a>                                        <\/div>\n\n                                    <\/div>\n                                <\/div>\n                                                            <div class=\"elementor-scrolling-item\">\n                                    <div class=\"elementor-scrolling-item-inner\">\n                                                                                <div class=\"scrolling-title elementor-repeater-item-d32c6fc\">\n                                            <a href=\"#\"  title=\"eleganza\"><span>eleganza<\/span><\/a>                                        <\/div>\n\n                                    <\/div>\n                                <\/div>\n                                                    <\/div>\n                                                <div class=\"elementor-scrolling-inner\">\n                                                            <div class=\"elementor-scrolling-item\">\n                                    <div class=\"elementor-scrolling-item-inner\">\n                                                                                <div class=\"scrolling-title elementor-repeater-item-997cc8b\">\n                                            <a href=\"#\"  title=\"\u00b7\"><span>\u00b7<\/span><\/a>                                        <\/div>\n\n                                    <\/div>\n                                <\/div>\n                                                            <div class=\"elementor-scrolling-item\">\n                                    <div class=\"elementor-scrolling-item-inner\">\n                                                                                <div class=\"scrolling-title elementor-repeater-item-529372f\">\n                                            <a href=\"#\"  title=\"Profondit\u00e0\"><span>Profondit\u00e0<\/span><\/a>                                        <\/div>\n\n                                    <\/div>\n                                <\/div>\n                                                            <div class=\"elementor-scrolling-item\">\n                                    <div class=\"elementor-scrolling-item-inner\">\n                                                                                <div class=\"scrolling-title elementor-repeater-item-7300194\">\n                                            <a href=\"#\"  title=\"\u00b7\"><span>\u00b7<\/span><\/a>                                        <\/div>\n\n                                    <\/div>\n                                <\/div>\n                                                            <div class=\"elementor-scrolling-item\">\n                                    <div class=\"elementor-scrolling-item-inner\">\n                                                                                <div class=\"scrolling-title elementor-repeater-item-665549d\">\n                                            <a href=\"#\"  title=\"Struttura\"><span>Struttura<\/span><\/a>                                        <\/div>\n\n                                    <\/div>\n                                <\/div>\n                                                            <div class=\"elementor-scrolling-item\">\n                                    <div class=\"elementor-scrolling-item-inner\">\n                                                                                <div class=\"scrolling-title elementor-repeater-item-7e2a672\">\n                                            <a href=\"#\"  title=\"\u00b7\"><span>\u00b7<\/span><\/a>                                        <\/div>\n\n                                    <\/div>\n                                <\/div>\n                                                            <div class=\"elementor-scrolling-item\">\n                                    <div class=\"elementor-scrolling-item-inner\">\n                                                                                <div class=\"scrolling-title elementor-repeater-item-d32c6fc\">\n                                            <a href=\"#\"  title=\"eleganza\"><span>eleganza<\/span><\/a>                                        <\/div>\n\n                                    <\/div>\n                                <\/div>\n                                                    <\/div>\n                                                <div class=\"elementor-scrolling-inner\">\n                                                            <div class=\"elementor-scrolling-item\">\n                                    <div class=\"elementor-scrolling-item-inner\">\n                                                                                <div class=\"scrolling-title elementor-repeater-item-997cc8b\">\n                                            <a href=\"#\"  title=\"\u00b7\"><span>\u00b7<\/span><\/a>                                        <\/div>\n\n                                    <\/div>\n                                <\/div>\n                                                            <div class=\"elementor-scrolling-item\">\n                                    <div class=\"elementor-scrolling-item-inner\">\n                                                                                <div class=\"scrolling-title elementor-repeater-item-529372f\">\n                                            <a href=\"#\"  title=\"Profondit\u00e0\"><span>Profondit\u00e0<\/span><\/a>                                        <\/div>\n\n                                    <\/div>\n                                <\/div>\n                                                            <div class=\"elementor-scrolling-item\">\n                                    <div class=\"elementor-scrolling-item-inner\">\n                                                                                <div class=\"scrolling-title elementor-repeater-item-7300194\">\n                                            <a href=\"#\"  title=\"\u00b7\"><span>\u00b7<\/span><\/a>                                        <\/div>\n\n                                    <\/div>\n                                <\/div>\n                                                            <div class=\"elementor-scrolling-item\">\n                                    <div class=\"elementor-scrolling-item-inner\">\n                                                                                <div class=\"scrolling-title elementor-repeater-item-665549d\">\n                                            <a href=\"#\"  title=\"Struttura\"><span>Struttura<\/span><\/a>                                        <\/div>\n\n                                    <\/div>\n                                <\/div>\n                                                            <div class=\"elementor-scrolling-item\">\n                                    <div class=\"elementor-scrolling-item-inner\">\n                                                                                <div class=\"scrolling-title elementor-repeater-item-7e2a672\">\n                                            <a href=\"#\"  title=\"\u00b7\"><span>\u00b7<\/span><\/a>                                        <\/div>\n\n                                    <\/div>\n                                <\/div>\n                                                            <div class=\"elementor-scrolling-item\">\n                                    <div class=\"elementor-scrolling-item-inner\">\n                                                                                <div class=\"scrolling-title elementor-repeater-item-d32c6fc\">\n                                            <a href=\"#\"  title=\"eleganza\"><span>eleganza<\/span><\/a>                                        <\/div>\n\n                                    <\/div>\n                                <\/div>\n                                                    <\/div>\n                                        <\/div>\n            <\/div>\n            \t\t\t\t<\/div>\n\t\t\t\t<\/div>\n\t\t\t\t<\/div>\n\t\t\t\t\t<\/div>\n\t\t\t\t<\/div>\n\t\t<div class=\"elementor-element elementor-element-db89b60 e-flex e-con-boxed e-con e-parent\" data-id=\"db89b60\" data-element_type=\"container\">\n\t\t\t\t\t<div class=\"e-con-inner\">\n\t\t<div class=\"elementor-element elementor-element-13062ca e-con-full e-flex e-con e-child\" data-id=\"13062ca\" data-element_type=\"container\">\n\t\t\t\t<div class=\"elementor-element elementor-element-e30e15e elementor-invisible elementor-widget elementor-widget-heading\" data-id=\"e30e15e\" data-element_type=\"widget\" data-settings=\"{&quot;_animation&quot;:&quot;opal-move-up&quot;}\" data-widget_type=\"heading.default\">\n\t\t\t\t<div class=\"elementor-widget-container\">\n\t\t\t\t\t<h2 class=\"elementor-heading-title elementor-size-default\">SETHA<\/h2>\t\t\t\t<\/div>\n\t\t\t\t<\/div>\n\t\t<div class=\"elementor-element elementor-element-807aa1d e-con-full e-flex elementor-invisible e-con e-child\" data-id=\"807aa1d\" data-element_type=\"container\" data-settings=\"{&quot;animation&quot;:&quot;opal-move-up&quot;}\">\n\t\t\t\t<div class=\"elementor-element elementor-element-a5cc7b2 elementor-widget elementor-widget-heading\" data-id=\"a5cc7b2\" data-element_type=\"widget\" data-widget_type=\"heading.default\">\n\t\t\t\t<div class=\"elementor-widget-container\">\n\t\t\t\t\t<span class=\"elementor-heading-title elementor-size-default\">IGT TOSCANA ROSSO<\/span>\t\t\t\t<\/div>\n\t\t\t\t<\/div>\n\t\t\t\t<\/div>\n\t\t\t\t<div class=\"elementor-element elementor-element-41d68e0 elementor-invisible elementor-widget elementor-widget-text-editor\" data-id=\"41d68e0\" data-element_type=\"widget\" data-settings=\"{&quot;_animation&quot;:&quot;opal-move-up&quot;}\" data-widget_type=\"text-editor.default\">\n\t\t\t\t<div class=\"elementor-widget-container\">\n\t\t\t\t\t\t\t\t\t<p>Nella lingua degli antichi abitanti della Maremma, Setha significava \u201cdivino\u201d o \u201cceleste\u201d, evocando <span style=\"color: var( --e-global-color-accent ); text-align: var(--text-align); background-color: var( --e-global-color-background_light );\">l\u2019intima connessione tra la terra e il cielo, tra l\u2019uomo e le forze superiori.<\/span><\/p>\t\t\t\t\t\t\t\t<\/div>\n\t\t\t\t<\/div>\n\t\t\t\t<div class=\"elementor-element elementor-element-c808c51 elementor-button-outline elementor-invisible elementor-widget elementor-widget-button\" data-id=\"c808c51\" data-element_type=\"widget\" data-settings=\"{&quot;_animation&quot;:&quot;opal-move-up&quot;}\" data-widget_type=\"button.default\">\n\t\t\t\t<div class=\"elementor-widget-container\">\n\t\t\t\t\t\t\t\t\t<div class=\"elementor-button-wrapper\">\n\t\t\t\t\t<a class=\"elementor-button elementor-button-link elementor-size-sm\" href=\"\/it\/setha\/\">\n\t\t\t\t\t\t<span class=\"elementor-button-content-wrapper\">\n\t\t\t\t\t\t<span class=\"elementor-button-icon\">\n\t\t\t\t<i aria-hidden=\"true\" class=\"asteno-icon- asteno-icon-angle-right\"><\/i>\t\t\t<\/span>\n\t\t\t\t\t\t\t\t\t<span class=\"elementor-button-text\">Scopri<\/span>\n\t\t\t\t\t<\/span>\n\t\t\t\t\t<\/a>\n\t\t\t\t<\/div>\n\t\t\t\t\t\t\t\t<\/div>\n\t\t\t\t<\/div>\n\t\t\t\t<div class=\"elementor-element elementor-element-57b5cc0 elementor-widget-mobile__width-inherit elementor-invisible elementor-widget elementor-widget-image\" data-id=\"57b5cc0\" data-element_type=\"widget\" data-settings=\"{&quot;_animation&quot;:&quot;opal-move-up&quot;}\" data-widget_type=\"image.default\">\n\t\t\t\t<div class=\"elementor-widget-container\">\n\t\t\t\t\t\t\t\t\t\t\t\t\t\t\t<img loading=\"lazy\" decoding=\"async\" width=\"1708\" height=\"2560\" src=\"https:\/\/www.poggioverrano.com\/wp-content\/uploads\/2025\/06\/A7R0075-Setha-Capsula-scaled-1.jpg\" class=\"attachment-full size-full wp-image-7318\" alt=\"\" srcset=\"https:\/\/www.poggioverrano.com\/wp-content\/uploads\/2025\/06\/A7R0075-Setha-Capsula-scaled-1.jpg 1708w, https:\/\/www.poggioverrano.com\/wp-content\/uploads\/2025\/06\/A7R0075-Setha-Capsula-scaled-1-200x300.jpg 200w, https:\/\/www.poggioverrano.com\/wp-content\/uploads\/2025\/06\/A7R0075-Setha-Capsula-scaled-1-683x1024.jpg 683w, https:\/\/www.poggioverrano.com\/wp-content\/uploads\/2025\/06\/A7R0075-Setha-Capsula-scaled-1-768x1151.jpg 768w, https:\/\/www.poggioverrano.com\/wp-content\/uploads\/2025\/06\/A7R0075-Setha-Capsula-scaled-1-1025x1536.jpg 1025w, https:\/\/www.poggioverrano.com\/wp-content\/uploads\/2025\/06\/A7R0075-Setha-Capsula-scaled-1-1366x2048.jpg 1366w, https:\/\/www.poggioverrano.com\/wp-content\/uploads\/2025\/06\/A7R0075-Setha-Capsula-scaled-1-450x674.jpg 450w, https:\/\/www.poggioverrano.com\/wp-content\/uploads\/2025\/06\/A7R0075-Setha-Capsula-scaled-1-800x1199.jpg 800w\" sizes=\"(max-width: 1708px) 100vw, 1708px\" \/>\t\t\t\t\t\t\t\t\t\t\t\t\t\t\t<\/div>\n\t\t\t\t<\/div>\n\t\t\t\t<\/div>\n\t\t<div class=\"elementor-element elementor-element-91b3a02 e-con-full e-flex e-con e-child\" data-id=\"91b3a02\" data-element_type=\"container\">\n\t\t\t\t<div class=\"elementor-element elementor-element-99d6f1b elementor-widget-mobile__width-inherit elementor-invisible elementor-widget elementor-widget-image\" data-id=\"99d6f1b\" data-element_type=\"widget\" data-settings=\"{&quot;_animation&quot;:&quot;opal-move-left&quot;}\" data-widget_type=\"image.default\">\n\t\t\t\t<div class=\"elementor-widget-container\">\n\t\t\t\t\t\t\t\t\t\t\t\t\t\t\t<img loading=\"lazy\" decoding=\"async\" width=\"667\" height=\"1000\" src=\"https:\/\/www.poggioverrano.com\/wp-content\/uploads\/2025\/02\/A7R0024-Setha-Inclinato.jpg\" class=\"attachment-full size-full wp-image-5161\" alt=\"\" srcset=\"https:\/\/www.poggioverrano.com\/wp-content\/uploads\/2025\/02\/A7R0024-Setha-Inclinato.jpg 667w, https:\/\/www.poggioverrano.com\/wp-content\/uploads\/2025\/02\/A7R0024-Setha-Inclinato-200x300.jpg 200w, https:\/\/www.poggioverrano.com\/wp-content\/uploads\/2025\/02\/A7R0024-Setha-Inclinato-450x675.jpg 450w\" sizes=\"(max-width: 667px) 100vw, 667px\" \/>\t\t\t\t\t\t\t\t\t\t\t\t\t\t\t<\/div>\n\t\t\t\t<\/div>\n\t\t\t\t<\/div>\n\t\t\t\t\t<\/div>\n\t\t\t\t<\/div>\n\t\t\t\t<\/div>\n\t\t","protected":false},"excerpt":{"rendered":"<p>Vini DR\u00d2MOS IGT TOSCANA ROSSO Il nome Dr\u00f2mos racchiude in s\u00e9 un significato profondo e suggestivo, ispirato alla parola di origine etrusca che indicava il corridoio d\u2019accesso ai locali sacri.\u00a0\u00c8 un omaggio alle radici profonde della Maremma Toscana, un territorio dove il tempo sembra scorrere come un filo invisibile che lega passato e presente, sacro [&hellip;]<\/p>\n","protected":false},"author":1,"featured_media":0,"parent":0,"menu_order":0,"comment_status":"closed","ping_status":"closed","template":"","meta":{"footnotes":""},"class_list":["post-146","page","type-page","status-publish","hentry"],"_links":{"self":[{"href":"https:\/\/www.poggioverrano.com\/it\/wp-json\/wp\/v2\/pages\/146","targetHints":{"allow":["GET"]}}],"collection":[{"href":"https:\/\/www.poggioverrano.com\/it\/wp-json\/wp\/v2\/pages"}],"about":[{"href":"https:\/\/www.poggioverrano.com\/it\/wp-json\/wp\/v2\/types\/page"}],"author":[{"embeddable":true,"href":"https:\/\/www.poggioverrano.com\/it\/wp-json\/wp\/v2\/users\/1"}],"replies":[{"embeddable":true,"href":"https:\/\/www.poggioverrano.com\/it\/wp-json\/wp\/v2\/comments?post=146"}],"version-history":[{"count":259,"href":"https:\/\/www.poggioverrano.com\/it\/wp-json\/wp\/v2\/pages\/146\/revisions"}],"predecessor-version":[{"id":7544,"href":"https:\/\/www.poggioverrano.com\/it\/wp-json\/wp\/v2\/pages\/146\/revisions\/7544"}],"wp:attachment":[{"href":"https:\/\/www.poggioverrano.com\/it\/wp-json\/wp\/v2\/media?parent=146"}],"curies":[{"name":"wp","href":"https:\/\/api.w.org\/{rel}","templated":true}]}}