{"id":3,"date":"2025-02-12T16:23:50","date_gmt":"2025-02-12T15:23:50","guid":{"rendered":"https:\/\/www.poggioverrano.com\/?page_id=3"},"modified":"2025-06-25T17:12:49","modified_gmt":"2025-06-25T15:12:49","slug":"privacy-policy","status":"publish","type":"page","link":"https:\/\/www.poggioverrano.com\/it\/privacy-policy\/","title":{"rendered":"Privacy Policy"},"content":{"rendered":"\t\t<div data-elementor-type=\"wp-page\" data-elementor-id=\"3\" class=\"elementor elementor-3\">\n\t\t\t\t<div class=\"elementor-element elementor-element-10f2c43b e-flex e-con-boxed e-con e-parent\" data-id=\"10f2c43b\" data-element_type=\"container\">\n\t\t\t\t\t<div class=\"e-con-inner\">\n\t\t\t\t<div class=\"elementor-element elementor-element-2f955157 elementor-widget elementor-widget-text-editor\" data-id=\"2f955157\" data-element_type=\"widget\" data-widget_type=\"text-editor.default\">\n\t\t\t\t<div class=\"elementor-widget-container\">\n\t\t\t\t\t\t\t\t\t<p><strong>Informativa per il trattamento dei dati personali ai sensi del Regolamento UE 2016\/679 sulla tutela della Privacy<\/strong><\/p><p>In osservanza di quanto previsto dall\u2019articolo 13 del Regolamento Europeo UE 2016\/679, Le riportiamo le dovute informazioni in ordine ai trattamenti che effettueremo dei Suoi dati personali.<br \/>Per dati personali si intendono tutte le informazioni relative alla Sua persona che potremmo raccogliere durante la navigazione del sito o che Lei ci invier\u00e0 spontaneamente aderendo ad uno dei servizi in esso presente.<br \/>Le daremo indicazione delle finalit\u00e0 per le quali i dati vengono raccolti e trattati, delle basi legali su cui si fonda la legittimit\u00e0 del trattamento, delle modalit\u00e0 di gestione che adotteremo per effettuare il trattamento, delle possibili comunicazioni cui i Suoi dati potrebbero essere soggetti, del periodo di conservazione previsto, della possibilit\u00e0 di trasferimento dei dati in paesi terzi dell\u2019esistenza di processi di profilazione che potrebbero avere come oggetto di elaborazione i suoi dati personali.<\/p><p><strong>1. Finalit\u00e0 e legittimit\u00e0 dei del trattamento<\/strong><br \/>Il trattamento dei dati, a seconda dei servizi a lei erogabili per la cui adesione ci avr\u00e0 fornito i Suoi dati personali, avr\u00e0 le seguenti finalit\u00e0:<br \/>\u27a2 Finalit\u00e0 trattamenti effettuati per mezzo dei nostri siti web:<br \/>1. consentire l\u2019accesso e l\u2019utilizzo, da parte Sua, delle aree riservate del nostro sito web, che consistono in portali dedicati a categorie specifiche di utilizzatori, come ad esempio agenti o clienti il trattamento \u00e8 legittimato dalla necessit\u00e0 di eseguire quanto richiesto da un contratto o un accordo stipulato con Lei<br \/>2. raccogliere ed elaborare le Sue richieste per le prenotazioni di visite e soggiorni presso le nostre tenute o le prenotazioni presso i nostri ristoranti; il trattamento \u00e8 legittimato dalla necessit\u00e0 di eseguire richieste precontrattuali da parte Sua<br \/>3. gestire la prenotazione di voucher a Suo nome per visite e soggiorni presso le nostre tenute o prenotazioni presso i ristoranti che Lei potrebbe ricevere in regalo da parte di una terza persona che ci ha fornito i Suoi dati personali; il trattamento \u00e8 legittimato dalla necessit\u00e0 di eseguire quanto richiesto da un contratto o un accordo stipulato<br \/>4. fornire risposta alle richieste di informazione da Lei provenienti; il trattamento \u00e8 legittimato dalla necessit\u00e0 di eseguire richieste precontrattuali da parte Sua<br \/>5. archiviare e valutare i dati anagrafici e di contatto da Lei inviati nel caso in cui intenda candidarsi ad un posto di lavoro presso le nostre strutture; il trattamento \u00e8 legittimato dalla necessit\u00e0 di eseguire richieste precontrattuali da parte Sua<br \/>6. gestire ed attivare la Sua iscrizione alla newsletter; il trattamento \u00e8 legittimato dalla necessit\u00e0 di eseguire quanto richiesto da un contratto o un accordo stipulato<\/p><p>\u27a2 Finalit\u00e0 legate al servizio WIFI gratuito all\u2019interno delle nostre strutture:<br \/>7. attivare, erogare e gestire i Suoi permessi di accesso al servizio WIFI denominato Volare, qualora ne faccia richiesta durante le Sue visite delle nostre strutture; il trattamento \u00e8 legittimato dalla necessit\u00e0 di eseguire quanto richiesto da un contratto o un accordo stipulato Lei<\/p><p>\u27a2 Finalit\u00e0 legate agli applicativi per la scansione dei biglietti da visita:<br \/>8. registrare nella nostra banca dati per le comunicazioni verso l\u2019esterno le Sue informazioni anagrafiche e di contatto che ci vorr\u00e0 comunicare tramite il Suo biglietto da visita consegnato a seguito di un incontro; il trattamento \u00e8 legittimato dalla necessit\u00e0 di eseguire richieste precontrattuali da parte Sua<br \/><br \/><\/p><p>\u27a2 Finalit\u00e0 legate agli applicativi per la registrazione dei visitatori durante eventi o manifestazioni:<br \/>9. Registrare le Sue informazioni anagrafiche e di contatto quando sar\u00e0 presente ad eventi e manifestazioni che organizziamo; il trattamento \u00e8 legittimato dal nostro legittimo interesse legato a necessit\u00e0 organizzative<\/p><p>\u27a2 Finalit\u00e0 legate al marketing:<br \/>10. inviarLe informazioni di natura commerciale e promozionale tramite vari strumenti telematici; il trattamento \u00e8 legittimato dal consenso rilasciato preventivamente e liberamente dal destinatario delle comunicazioni<br \/>11. iscriverLa alla nostra newsletter (qualora siano previsti contenuti commerciali); il trattamento \u00e8 legittimato dal consenso rilasciato preventivamente e liberamente dal destinatario delle comunicazioni<br \/>12. eseguire ricerche di mercato); il trattamento \u00e8 legittimato dal consenso rilasciato preventivamente e liberamente dal destinatario delle comunicazioni<\/p><p>\u27a2 Finalit\u00e0 legate alla profilazione:<br \/>13. analizzare le Sue abitudini, i Suoi comportamenti e le Sue scelte di consumo al fine di definire un profilo del cliente o del visitatore dei nostri siti web per l\u2019invio di messaggi promozionali, offerte o altre comunicazioni commerciali che incontrino l\u2019interesse del destinatario; il trattamento \u00e8 legittimato dal consenso rilasciato preventivamente e liberamente dal destinatario delle comunicazioni<\/p><p><strong>2. Natura facoltativa o obbligatoria del conferimento<\/strong><br \/>Quando i Suoi dati personali vengono raccolti per dar seguito ad una Sua richiesta esplicita oppure per la prestazione di uno dei nostri servizi del quale Lei desidera usufruire o che Le viene regalato per mezzo di un nostro voucher, ovvero per tutte le finalit\u00e0 elencate e legittimate dalla necessit\u00e0 di eseguire quanto richiesto da un contratto o un accordo stipulato con Lei, dalla necessit\u00e0 di eseguire richieste precontrattuali da parte Sua e dal nostro legittimo interesse legato necessit\u00e0 organizzative, il conferimento dei dati si rende necessario. Senza raccogliere i Suoi dati non potremo essere in grado di raggiungere le finalit\u00e0 previste e soddisfare le Sue richieste.<br \/>Per i trattamenti legittimati dalla raccolta del Suo libero consenso, Lei avr\u00e0 la possibilit\u00e0 di non concederlo o di decidere di cambiare idea al riguardo in un momento successivo al rilascio dei dati per altre finalit\u00e0 che lo richiedono.<br \/>Il consenso al trattamento ai fini di profilazione sottintende il consenso ai fini di marketing, in quanto questa attivit\u00e0 \u00e8 realizzata solo a seguito dell\u2019elaborazione di un profilo di interesse del destinatario. Non<br \/>saranno effettuate attivit\u00e0 di marketing diretto nei Suoi confronti se non sar\u00e0 possibile realizzare le preliminari operazioni di profilazione.<br \/>Il Suo rifiuto di rilasciare il consenso ai trattamenti con finalit\u00e0 di marketing e profilazione non comporter\u00e0 alcuna conseguenza in relazione alla possibilit\u00e0 di aderire agli altri servizi proposti.<br \/>I consensi da Lei espressi potranno essere liberamente revocati in qualsiasi momento scrivendo tramite posta elettronica al seguente indirizzo e-mail: privacy@frescobaldi.it.<\/p><p><br \/><strong>3. Modalit\u00e0 del trattamento<\/strong><br \/>Il trattamento dei Suoi Dati sar\u00e0 improntato ai principi di correttezza, liceit\u00e0 e trasparenza e sar\u00e0 effettuato con strumenti informatici ma anche con archivi cartacei atti all\u2019archiviazione, alla gestione e alla trasmissione. Il trattamento avverr\u00e0 mediante strumenti idonei, per quanto di ragione e allo stato della tecnica, a garantire la sicurezza e la riservatezza tramite l\u2019utilizzo di adeguate procedure che evitino il rischio di perdita, accesso non autorizzato, uso illecito e diffusione.<br \/>I Suoi dati saranno trattati esclusivamente<br \/>\u2022 dal nostro personale formalmente autorizzato ed istruito sulle modalit\u00e0 operative da adottare per la gestione in sicurezza del trattamento<br \/>\u2022 da soggetti esterni a noi necessari per l\u2019esecuzione di parte delle attivit\u00e0 legate alle finalit\u00e0 sopra indicate, formalmente nominati con atto legale come responsabili del trattamento<\/p><p><strong>4. Ambito e finalit\u00e0 di comunicazione e diffusione<\/strong><br \/>Oltre al personale interno e ai soggetti esterni formalmente autorizzati a trattare i Suoi dati, questi potranno essere comunicati a terzi esclusivamente per adempiere ad obblighi di legge, ovvero per rispettare ordini provenienti da pubbliche autorit\u00e0 a ci\u00f2 legittimate ovvero per fare valere o difendere un diritto in sede giudiziaria.<br \/>I Suoi dati personali, per le finalit\u00e0 sopra indicate, potranno essere resi disponibili a:<br \/>\u2022 Personale addetto del Titolare del trattamento<br \/>\u2022 Societ\u00e0 collegate e controllate dal Gruppo Marchesi Frescobaldi.<br \/>I Suoi dati personali non saranno diffusi n\u00e9 comunicati a terze parti per scopi diversi da quelli citati, salvo qualora richiesto da una norma di legge o di regolamento o dalla normativa comunitaria<\/p><p><strong>5. Trasferimento dei dati personali al di fuori dell\u2019Unione Europea<\/strong><br \/>I dati personali da Lei forniti e trattati ai fini sopra descritti, non subiranno in alcun caso trasferimenti verso paesi non appartenenti all\u2019Unione Europea. Qualora in futuro si rendesse necessario un trasferimento, questo sar\u00e0 possibile solo verso paesi giudicati adeguati dalla Commissione Europea, oppure stipulando con i soggetti destinatari clausole di protezione dati adottate dalla Commissione Europea, oppure, in caso di trasferimento non continuativo, a seguito di un Suo consenso informato ed esplicito.<\/p><p><br \/><strong>6. Tempi di conservazione<\/strong><br \/>Per i trattamenti legati all\u2019attivazione\/erogazione\/prestazione di servizi da Lei richiesti, i Suoi dati personali saranno conservati per tutto il tempo in cui i servizi rimarranno attivi o per il tempo necessario all\u2019espletamento della prestazione richiesta, salvo ulteriore conservazione obbligatoria a fini contabili, amministrativi, fiscali e\/o legali.<\/p><p><br \/><strong>7. Soggetti<\/strong><br \/>Il Titolare del trattamento \u00e8:<br \/>Marchesi Frescobaldi soc. agricola s.r.l. unipersonale, C.F. e P.IVA 01770300489 sede legale in Via S. Spirito 11 50125 Firenze, sede Amministrativa in Via Aretina 120, 50065 Sieci (FI).<br \/>Responsabile del trattamento \u00e8 il Dott. Giuseppe Saracino.<br \/>L\u2019elenco completo dei responsabili del trattamento nominati \u00e8 disponibile presso il Titolare del trattamento, ai riferimenti sopra individuati.<\/p><p><br \/><strong>8. Esercizio dei diritti<\/strong><br \/>Le ricordiamo la possibilit\u00e0 di esercitare i Suoi diritti di ottenere dal Titolare, nei casi previsti dalla normativa di riferimento, l\u2019accesso ai dati che la riguardano, la loro rettifica o la cancellazione, l\u2019integrazione dei dati incompleti, la limitazione del trattamento; di ricevere i Dati in un formato strutturato, di uso comune e leggibile da dispositivo automatico; di revocare il consenso eventualmente prestato relativamente al trattamento dei Suoi Dati sensibili in qualsiasi momento ed opporsi in tutto od in parte, all\u2019utilizzo dei Dati.<br \/>Tali diritti possono essere esercitati scrivendo a mezzo posta cartacea direttamente al Titolare tramite oppure tramite posta elettronica al seguente indirizzo e-mail privacy@frescobaldi.it.<\/p><p><br \/>L\u2019esercizio dei diritti non \u00e8 soggetto ad alcun vincolo di forma ed \u00e8 gratuito.<br \/>Qualora ritenga che un trattamento dei dati personali a Lei riferiti e da noi effettuato avvenga in violazione di quanto previsto dal Regolamento Europeo per la Protezione dei Dati o da altra normativa vigente in materia, ha il diritto di proporre un reclamo al Garante per la protezione dei dati personali, seguendo le procedure e le indicazioni pubblicate sul sito web ufficiale dell\u2019Autorit\u00e0 su http:\/\/www.garanteprivacy.it<\/p>\t\t\t\t\t\t\t\t<\/div>\n\t\t\t\t<\/div>\n\t\t\t\t\t<\/div>\n\t\t\t\t<\/div>\n\t\t\t\t<\/div>\n\t\t","protected":false},"excerpt":{"rendered":"<p>Informativa per il trattamento dei dati personali ai sensi del Regolamento UE 2016\/679 sulla tutela della Privacy In osservanza di quanto previsto dall\u2019articolo 13 del Regolamento Europeo UE 2016\/679, Le riportiamo le dovute informazioni in ordine ai trattamenti che effettueremo dei Suoi dati personali.Per dati personali si intendono tutte le informazioni relative alla Sua persona [&hellip;]<\/p>\n","protected":false},"author":1,"featured_media":0,"parent":0,"menu_order":0,"comment_status":"closed","ping_status":"open","template":"","meta":{"footnotes":""},"class_list":["post-3","page","type-page","status-publish","hentry"],"_links":{"self":[{"href":"https:\/\/www.poggioverrano.com\/it\/wp-json\/wp\/v2\/pages\/3","targetHints":{"allow":["GET"]}}],"collection":[{"href":"https:\/\/www.poggioverrano.com\/it\/wp-json\/wp\/v2\/pages"}],"about":[{"href":"https:\/\/www.poggioverrano.com\/it\/wp-json\/wp\/v2\/types\/page"}],"author":[{"embeddable":true,"href":"https:\/\/www.poggioverrano.com\/it\/wp-json\/wp\/v2\/users\/1"}],"replies":[{"embeddable":true,"href":"https:\/\/www.poggioverrano.com\/it\/wp-json\/wp\/v2\/comments?post=3"}],"version-history":[{"count":21,"href":"https:\/\/www.poggioverrano.com\/it\/wp-json\/wp\/v2\/pages\/3\/revisions"}],"predecessor-version":[{"id":7475,"href":"https:\/\/www.poggioverrano.com\/it\/wp-json\/wp\/v2\/pages\/3\/revisions\/7475"}],"wp:attachment":[{"href":"https:\/\/www.poggioverrano.com\/it\/wp-json\/wp\/v2\/media?parent=3"}],"curies":[{"name":"wp","href":"https:\/\/api.w.org\/{rel}","templated":true}]}}