{"id":5810,"date":"2025-02-28T18:43:10","date_gmt":"2025-02-28T17:43:10","guid":{"rendered":"https:\/\/www.poggioverrano.com\/?page_id=5810"},"modified":"2025-07-15T16:51:36","modified_gmt":"2025-07-15T14:51:36","slug":"dromos","status":"publish","type":"page","link":"https:\/\/www.poggioverrano.com\/it\/dromos\/","title":{"rendered":"Dr\u00f2mos"},"content":{"rendered":"\t\t<div data-elementor-type=\"wp-page\" data-elementor-id=\"5810\" class=\"elementor elementor-5810\">\n\t\t\t\t<div class=\"elementor-element elementor-element-4ec0816 e-flex e-con-boxed e-con e-parent\" data-id=\"4ec0816\" data-element_type=\"container\" data-settings=\"{&quot;background_background&quot;:&quot;classic&quot;}\">\n\t\t\t\t\t<div class=\"e-con-inner\">\n\t\t\t\t<div class=\"elementor-element elementor-element-93b44cc elementor-invisible elementor-widget elementor-widget-heading\" data-id=\"93b44cc\" data-element_type=\"widget\" data-settings=\"{&quot;_animation&quot;:&quot;opal-move-up&quot;}\" data-widget_type=\"heading.default\">\n\t\t\t\t<div class=\"elementor-widget-container\">\n\t\t\t\t\t<h2 class=\"elementor-heading-title elementor-size-default\">DR\u00d2MOS<\/h2>\t\t\t\t<\/div>\n\t\t\t\t<\/div>\n\t\t\t\t<div class=\"elementor-element elementor-element-baab232 elementor-invisible elementor-widget elementor-widget-heading\" data-id=\"baab232\" data-element_type=\"widget\" data-settings=\"{&quot;_animation&quot;:&quot;opal-move-up&quot;}\" data-widget_type=\"heading.default\">\n\t\t\t\t<div class=\"elementor-widget-container\">\n\t\t\t\t\t<span class=\"elementor-heading-title elementor-size-default\">IGT TOSCANA ROSSO<\/span>\t\t\t\t<\/div>\n\t\t\t\t<\/div>\n\t\t\t\t<div class=\"elementor-element elementor-element-baa47ed elementor-invisible elementor-widget elementor-widget-heading\" data-id=\"baa47ed\" data-element_type=\"widget\" data-settings=\"{&quot;_animation&quot;:&quot;opal-move-up&quot;}\" data-widget_type=\"heading.default\">\n\t\t\t\t<div class=\"elementor-widget-container\">\n\t\t\t\t\t<span class=\"elementor-heading-title elementor-size-default\">Vendemmia 2021<\/span>\t\t\t\t<\/div>\n\t\t\t\t<\/div>\n\t\t<div class=\"elementor-element elementor-element-068fe2f e-con-full e-flex e-con e-child\" data-id=\"068fe2f\" data-element_type=\"container\">\n\t\t\t\t<div class=\"elementor-element elementor-element-60bcef8 elementor-absolute elementor-invisible elementor-widget elementor-widget-image\" data-id=\"60bcef8\" data-element_type=\"widget\" data-settings=\"{&quot;_animation&quot;:&quot;opal-move-up&quot;,&quot;_position&quot;:&quot;absolute&quot;,&quot;_animation_delay&quot;:100}\" data-widget_type=\"image.default\">\n\t\t\t\t<div class=\"elementor-widget-container\">\n\t\t\t\t\t\t\t\t\t\t\t\t\t\t\t<img fetchpriority=\"high\" decoding=\"async\" width=\"1080\" height=\"1920\" src=\"https:\/\/www.poggioverrano.com\/wp-content\/uploads\/2025\/07\/Senza-titolo-1080-x-1920-px.png\" class=\"attachment-full size-full wp-image-7549\" alt=\"\" srcset=\"https:\/\/www.poggioverrano.com\/wp-content\/uploads\/2025\/07\/Senza-titolo-1080-x-1920-px.png 1080w, https:\/\/www.poggioverrano.com\/wp-content\/uploads\/2025\/07\/Senza-titolo-1080-x-1920-px-169x300.png 169w, https:\/\/www.poggioverrano.com\/wp-content\/uploads\/2025\/07\/Senza-titolo-1080-x-1920-px-576x1024.png 576w, https:\/\/www.poggioverrano.com\/wp-content\/uploads\/2025\/07\/Senza-titolo-1080-x-1920-px-768x1365.png 768w, https:\/\/www.poggioverrano.com\/wp-content\/uploads\/2025\/07\/Senza-titolo-1080-x-1920-px-864x1536.png 864w, https:\/\/www.poggioverrano.com\/wp-content\/uploads\/2025\/07\/Senza-titolo-1080-x-1920-px-450x800.png 450w, https:\/\/www.poggioverrano.com\/wp-content\/uploads\/2025\/07\/Senza-titolo-1080-x-1920-px-800x1422.png 800w\" sizes=\"(max-width: 1080px) 100vw, 1080px\" \/>\t\t\t\t\t\t\t\t\t\t\t\t\t\t\t<\/div>\n\t\t\t\t<\/div>\n\t\t\t\t<div class=\"elementor-element elementor-element-6a5bb08 elementor-absolute elementor-invisible elementor-widget elementor-widget-image\" data-id=\"6a5bb08\" data-element_type=\"widget\" data-settings=\"{&quot;_animation&quot;:&quot;opal-move-up&quot;,&quot;_position&quot;:&quot;absolute&quot;,&quot;_animation_delay&quot;:150}\" data-widget_type=\"image.default\">\n\t\t\t\t<div class=\"elementor-widget-container\">\n\t\t\t\t\t\t\t\t\t\t\t\t\t\t\t<img decoding=\"async\" width=\"1080\" height=\"1920\" src=\"https:\/\/www.poggioverrano.com\/wp-content\/uploads\/2025\/07\/Senza-titolo-1080-x-1920-px-1.png\" class=\"attachment-full size-full wp-image-7551\" alt=\"\" srcset=\"https:\/\/www.poggioverrano.com\/wp-content\/uploads\/2025\/07\/Senza-titolo-1080-x-1920-px-1.png 1080w, https:\/\/www.poggioverrano.com\/wp-content\/uploads\/2025\/07\/Senza-titolo-1080-x-1920-px-1-169x300.png 169w, https:\/\/www.poggioverrano.com\/wp-content\/uploads\/2025\/07\/Senza-titolo-1080-x-1920-px-1-576x1024.png 576w, https:\/\/www.poggioverrano.com\/wp-content\/uploads\/2025\/07\/Senza-titolo-1080-x-1920-px-1-768x1365.png 768w, https:\/\/www.poggioverrano.com\/wp-content\/uploads\/2025\/07\/Senza-titolo-1080-x-1920-px-1-864x1536.png 864w, https:\/\/www.poggioverrano.com\/wp-content\/uploads\/2025\/07\/Senza-titolo-1080-x-1920-px-1-450x800.png 450w, https:\/\/www.poggioverrano.com\/wp-content\/uploads\/2025\/07\/Senza-titolo-1080-x-1920-px-1-800x1422.png 800w\" sizes=\"(max-width: 1080px) 100vw, 1080px\" \/>\t\t\t\t\t\t\t\t\t\t\t\t\t\t\t<\/div>\n\t\t\t\t<\/div>\n\t\t\t\t<div class=\"elementor-element elementor-element-9dd20b1 elementor-invisible elementor-widget elementor-widget-image\" data-id=\"9dd20b1\" data-element_type=\"widget\" data-settings=\"{&quot;_animation&quot;:&quot;opal-move-up&quot;}\" data-widget_type=\"image.default\">\n\t\t\t\t<div class=\"elementor-widget-container\">\n\t\t\t\t\t\t\t\t\t\t\t\t\t\t\t<img decoding=\"async\" width=\"1739\" height=\"6768\" src=\"https:\/\/www.poggioverrano.com\/wp-content\/uploads\/2025\/06\/A7R0006-Dromos-Packshot.png\" class=\"attachment-full size-full wp-image-7324\" alt=\"\" srcset=\"https:\/\/www.poggioverrano.com\/wp-content\/uploads\/2025\/06\/A7R0006-Dromos-Packshot.png 1739w, https:\/\/www.poggioverrano.com\/wp-content\/uploads\/2025\/06\/A7R0006-Dromos-Packshot-77x300.png 77w, https:\/\/www.poggioverrano.com\/wp-content\/uploads\/2025\/06\/A7R0006-Dromos-Packshot-263x1024.png 263w, https:\/\/www.poggioverrano.com\/wp-content\/uploads\/2025\/06\/A7R0006-Dromos-Packshot-768x2989.png 768w, https:\/\/www.poggioverrano.com\/wp-content\/uploads\/2025\/06\/A7R0006-Dromos-Packshot-395x1536.png 395w, https:\/\/www.poggioverrano.com\/wp-content\/uploads\/2025\/06\/A7R0006-Dromos-Packshot-526x2048.png 526w, https:\/\/www.poggioverrano.com\/wp-content\/uploads\/2025\/06\/A7R0006-Dromos-Packshot-450x1751.png 450w, https:\/\/www.poggioverrano.com\/wp-content\/uploads\/2025\/06\/A7R0006-Dromos-Packshot-800x3114.png 800w\" sizes=\"(max-width: 1739px) 100vw, 1739px\" \/>\t\t\t\t\t\t\t\t\t\t\t\t\t\t\t<\/div>\n\t\t\t\t<\/div>\n\t\t\t\t<\/div>\n\t\t\t\t\t<\/div>\n\t\t\t\t<\/div>\n\t\t<div class=\"elementor-element elementor-element-1885c19 e-flex e-con-boxed e-con e-parent\" data-id=\"1885c19\" data-element_type=\"container\" data-settings=\"{&quot;animation_tablet&quot;:&quot;opal-move-up&quot;}\">\n\t\t\t\t\t<div class=\"e-con-inner\">\n\t\t\t\t<div class=\"elementor-element elementor-element-39df97a elementor-widget__width-initial elementor-invisible elementor-widget elementor-widget-text-editor\" data-id=\"39df97a\" data-element_type=\"widget\" data-settings=\"{&quot;_animation&quot;:&quot;opal-move-up&quot;}\" data-widget_type=\"text-editor.default\">\n\t\t\t\t<div class=\"elementor-widget-container\">\n\t\t\t\t\t\t\t\t\t<p>Il nome Dr\u00f2mos racchiude in s\u00e9 un significato profondo e suggestivo, ispirato alla parola di origine etrusca che indicava il corridoio d\u2019accesso ai locali sacri.&nbsp;<br><\/p><p><span style=\"text-align: left;\">\u00c8 un omaggio alle radici profonde della Maremma Toscana, un territorio dove il tempo sembra scorrere come un filo invisibile che lega passato e presente, sacro e quotidiano, arte e natura.<\/span><\/p>\t\t\t\t\t\t\t\t<\/div>\n\t\t\t\t<\/div>\n\t\t<div class=\"elementor-element elementor-element-4a4267f e-con-full e-flex elementor-invisible e-con e-child\" data-id=\"4a4267f\" data-element_type=\"container\" data-settings=\"{&quot;animation&quot;:&quot;opal-move-up&quot;}\">\n\t\t\t\t<div class=\"elementor-element elementor-element-f26a88c e-n-tabs-none elementor-invisible elementor-widget elementor-widget-n-tabs\" data-id=\"f26a88c\" data-element_type=\"widget\" data-settings=\"{&quot;horizontal_scroll_mobile&quot;:&quot;enable&quot;,&quot;_animation&quot;:&quot;opal-move-up&quot;,&quot;tabs_justify_horizontal&quot;:&quot;center&quot;,&quot;horizontal_scroll&quot;:&quot;enable&quot;}\" data-widget_type=\"nested-tabs.default\">\n\t\t\t\t<div class=\"elementor-widget-container\">\n\t\t\t\t\t\t\t<div class=\"e-n-tabs\" data-widget-number=\"254191756\" aria-label=\"Schede. Apri gli elementi con Invio o Spazio, chiudili con Esc e naviga con i tasti freccia.\">\n\t\t\t<div class=\"e-n-tabs-heading\" role=\"tablist\">\n\t\t\t\t\t<button id=\"e-n-tab-title-2541917561\" class=\"e-n-tab-title\" aria-selected=\"true\" data-tab-index=\"1\" role=\"tab\" tabindex=\"0\" aria-controls=\"e-n-tab-content-2541917561\" style=\"--n-tabs-title-order: 1;\">\n\t\t\t\t\t\t<span class=\"e-n-tab-title-text\">\n\t\t\t\t2021\t\t\t<\/span>\n\t\t<\/button>\n\t\t\t\t\t<\/div>\n\t\t\t<div class=\"e-n-tabs-content\">\n\t\t\t\t<div id=\"e-n-tab-content-2541917561\" role=\"tabpanel\" aria-labelledby=\"e-n-tab-title-2541917561\" data-tab-index=\"1\" style=\"--n-tabs-title-order: 1;\" class=\"e-active elementor-element elementor-element-f85fb08 e-con-full e-flex e-con e-child\" data-id=\"f85fb08\" data-element_type=\"container\">\n\t\t<div class=\"elementor-element elementor-element-b10dcb6 e-con-full e-flex elementor-invisible e-con e-child\" data-id=\"b10dcb6\" data-element_type=\"container\" data-settings=\"{&quot;animation&quot;:&quot;opal-move-left&quot;,&quot;background_background&quot;:&quot;classic&quot;}\">\n\t\t\t\t<div class=\"elementor-element elementor-element-b1a42ee elementor-button-outline elementor-align-justify elementor-widget elementor-widget-button\" data-id=\"b1a42ee\" data-element_type=\"widget\" data-settings=\"{&quot;_animation&quot;:&quot;none&quot;}\" data-widget_type=\"button.default\">\n\t\t\t\t<div class=\"elementor-widget-container\">\n\t\t\t\t\t\t\t\t\t<div class=\"elementor-button-wrapper\">\n\t\t\t\t\t<a class=\"elementor-button elementor-button-link elementor-size-sm\" href=\"https:\/\/www.poggioverrano.com\/wp-content\/uploads\/2025\/06\/Scheda-Dromos-2021_ita-1.pdf\" target=\"_blank\">\n\t\t\t\t\t\t<span class=\"elementor-button-content-wrapper\">\n\t\t\t\t\t\t<span class=\"elementor-button-icon\">\n\t\t\t\t<i aria-hidden=\"true\" class=\"asteno-icon- asteno-icon-angle-down\"><\/i>\t\t\t<\/span>\n\t\t\t\t\t\t\t\t\t<span class=\"elementor-button-text\">Scarica<\/span>\n\t\t\t\t\t<\/span>\n\t\t\t\t\t<\/a>\n\t\t\t\t<\/div>\n\t\t\t\t\t\t\t\t<\/div>\n\t\t\t\t<\/div>\n\t\t\t\t<div class=\"elementor-element elementor-element-70b55af elementor-widget elementor-widget-text-editor\" data-id=\"70b55af\" data-element_type=\"widget\" data-settings=\"{&quot;_animation&quot;:&quot;none&quot;}\" data-widget_type=\"text-editor.default\">\n\t\t\t\t<div class=\"elementor-widget-container\">\n\t\t\t\t\t\t\t\t\t<p>Scarica la scheda tecnica<\/p>\t\t\t\t\t\t\t\t<\/div>\n\t\t\t\t<\/div>\n\t\t\t\t<\/div>\n\t\t\t\t<\/div>\n\t\t\t\t\t<\/div>\n\t\t<\/div>\n\t\t\t\t\t\t<\/div>\n\t\t\t\t<\/div>\n\t\t\t\t<\/div>\n\t\t\t\t\t<\/div>\n\t\t\t\t<\/div>\n\t\t<div class=\"elementor-element elementor-element-9d4d193 e-flex e-con-boxed e-con e-parent\" data-id=\"9d4d193\" data-element_type=\"container\" data-settings=\"{&quot;animation_tablet&quot;:&quot;opal-move-up&quot;}\">\n\t\t\t\t\t<div class=\"e-con-inner\">\n\t\t<div class=\"elementor-element elementor-element-cd40303 e-con-full e-flex e-con e-child\" data-id=\"cd40303\" data-element_type=\"container\">\n\t\t\t\t<div class=\"elementor-element elementor-element-eaffd74 elementor-invisible elementor-widget elementor-widget-text-editor\" data-id=\"eaffd74\" data-element_type=\"widget\" data-settings=\"{&quot;_animation&quot;:&quot;opal-move-up&quot;}\" data-widget_type=\"text-editor.default\">\n\t\t\t\t<div class=\"elementor-widget-container\">\n\t\t\t\t\t\t\t\t\t<p>La fermentazione alcolica avviene in vasche di acciaio inox a una temperatura controllata di 28\u00b0C; questa fase dura 12 giorni, ma il contatto con le bucce prosegue per un totale di 21 giorni.<\/p><p>Completata la fermentazione alcolica, il vino affronta la fermentazione malolattica ancora in acciaio inox, un passaggio essenziale per ammorbidire l&#8217;acidit\u00e0 e conferire maggiore rotondit\u00e0 al palato. Successivamente, il vino viene travasato in barriques, di cui il 70% nuove, dove matura per 18 mesi.<\/p>\t\t\t\t\t\t\t\t<\/div>\n\t\t\t\t<\/div>\n\t\t\t\t<\/div>\n\t\t<div class=\"elementor-element elementor-element-da0542e e-con-full e-flex e-con e-child\" data-id=\"da0542e\" data-element_type=\"container\">\n\t\t\t\t<div class=\"elementor-element elementor-element-b58e152 elementor-widget-mobile__width-inherit elementor-invisible elementor-widget elementor-widget-image\" data-id=\"b58e152\" data-element_type=\"widget\" data-settings=\"{&quot;_animation&quot;:&quot;opal-move-left&quot;}\" data-widget_type=\"image.default\">\n\t\t\t\t<div class=\"elementor-widget-container\">\n\t\t\t\t\t\t\t\t\t\t\t\t\t\t\t<img loading=\"lazy\" decoding=\"async\" width=\"2500\" height=\"1668\" src=\"https:\/\/www.poggioverrano.com\/wp-content\/uploads\/2025\/06\/frescobaldi14420-1.jpg\" class=\"attachment-full size-full wp-image-6991\" alt=\"\" srcset=\"https:\/\/www.poggioverrano.com\/wp-content\/uploads\/2025\/06\/frescobaldi14420-1.jpg 2500w, https:\/\/www.poggioverrano.com\/wp-content\/uploads\/2025\/06\/frescobaldi14420-1-300x200.jpg 300w, https:\/\/www.poggioverrano.com\/wp-content\/uploads\/2025\/06\/frescobaldi14420-1-1024x683.jpg 1024w, https:\/\/www.poggioverrano.com\/wp-content\/uploads\/2025\/06\/frescobaldi14420-1-768x512.jpg 768w, https:\/\/www.poggioverrano.com\/wp-content\/uploads\/2025\/06\/frescobaldi14420-1-1536x1025.jpg 1536w, https:\/\/www.poggioverrano.com\/wp-content\/uploads\/2025\/06\/frescobaldi14420-1-2048x1366.jpg 2048w, https:\/\/www.poggioverrano.com\/wp-content\/uploads\/2025\/06\/frescobaldi14420-1-450x300.jpg 450w, https:\/\/www.poggioverrano.com\/wp-content\/uploads\/2025\/06\/frescobaldi14420-1-800x534.jpg 800w\" sizes=\"(max-width: 2500px) 100vw, 2500px\" \/>\t\t\t\t\t\t\t\t\t\t\t\t\t\t\t<\/div>\n\t\t\t\t<\/div>\n\t\t\t\t<\/div>\n\t\t\t\t\t<\/div>\n\t\t\t\t<\/div>\n\t\t<div class=\"elementor-element elementor-element-5676f7c e-flex e-con-boxed e-con e-parent\" data-id=\"5676f7c\" data-element_type=\"container\" data-settings=\"{&quot;animation_tablet&quot;:&quot;opal-move-up&quot;}\">\n\t\t\t\t\t<div class=\"e-con-inner\">\n\t\t\t\t<div class=\"elementor-element elementor-element-3a8979c layout-style-theme-2 elementor-widget__width-inherit overflow-to-none elementor-pagination-position-outside elementor-invisible elementor-widget elementor-widget-asteno-image-carousel\" data-id=\"3a8979c\" data-element_type=\"widget\" data-settings=\"{&quot;slides_to_show&quot;:&quot;3&quot;,&quot;_animation&quot;:&quot;opal-move-up&quot;,&quot;spaceBetween_laptop&quot;:{&quot;unit&quot;:&quot;px&quot;,&quot;size&quot;:20,&quot;sizes&quot;:[]},&quot;spaceBetween_tablet_extra&quot;:{&quot;unit&quot;:&quot;px&quot;,&quot;size&quot;:20,&quot;sizes&quot;:[]},&quot;spaceBetween_mobile_extra&quot;:{&quot;unit&quot;:&quot;px&quot;,&quot;size&quot;:20,&quot;sizes&quot;:[]},&quot;spaceBetween_mobile&quot;:{&quot;unit&quot;:&quot;px&quot;,&quot;size&quot;:20,&quot;sizes&quot;:[]},&quot;spaceBetween&quot;:{&quot;unit&quot;:&quot;px&quot;,&quot;size&quot;:80,&quot;sizes&quot;:[]},&quot;navigation&quot;:&quot;dots&quot;,&quot;spaceBetween_tablet&quot;:{&quot;unit&quot;:&quot;px&quot;,&quot;size&quot;:&quot;&quot;,&quot;sizes&quot;:[]},&quot;swiper_overflow&quot;:&quot;none&quot;,&quot;navigation_type&quot;:&quot;bullets&quot;,&quot;allowTouchMove&quot;:&quot;yes&quot;,&quot;autoplay&quot;:&quot;yes&quot;,&quot;pause_on_hover&quot;:&quot;yes&quot;,&quot;pause_on_interaction&quot;:&quot;yes&quot;,&quot;autoplay_speed&quot;:5000,&quot;infinite&quot;:&quot;yes&quot;,&quot;speed&quot;:500}\" data-widget_type=\"asteno-image-carousel.default\">\n\t\t\t\t<div class=\"elementor-widget-container\">\n\t\t\t\t\t        <div class=\"asteno-swiper swiper \" dir=\"ltr\">\n\n            <div class=\"swiper-wrapper\">\n                                    <div class=\"image-carousel-item grid-item swiper-slide\">\n                                                <a data-elementor-open-lightbox=\"yes\" data-elementor-lightbox-slideshow=\"3a8979c\" data-elementor-lightbox-title=\"12\" data-e-action-hash=\"#elementor-action%3Aaction%3Dlightbox%26settings%3DeyJpZCI6NzM5NywidXJsIjoiaHR0cHM6XC9cL3d3dy5wb2dnaW92ZXJyYW5vLmNvbVwvd3AtY29udGVudFwvdXBsb2Fkc1wvMjAyNVwvMDZcLzEyLnBuZyIsInNsaWRlc2hvdyI6IjNhODk3OWMifQ%3D%3D\" href=\"https:\/\/www.poggioverrano.com\/wp-content\/uploads\/2025\/06\/12.png\">\n                            <img decoding=\"async\" src=\"https:\/\/www.poggioverrano.com\/wp-content\/uploads\/2025\/06\/12.png\"\n                                 alt=\"12\"\/>\n                            \n                        <\/a>\n                                            <\/div>\n                                    <div class=\"image-carousel-item grid-item swiper-slide\">\n                                                <a data-elementor-open-lightbox=\"yes\" data-elementor-lightbox-slideshow=\"3a8979c\" data-elementor-lightbox-title=\"5\" data-e-action-hash=\"#elementor-action%3Aaction%3Dlightbox%26settings%3DeyJpZCI6NzM5OSwidXJsIjoiaHR0cHM6XC9cL3d3dy5wb2dnaW92ZXJyYW5vLmNvbVwvd3AtY29udGVudFwvdXBsb2Fkc1wvMjAyNVwvMDZcLzUtMS5wbmciLCJzbGlkZXNob3ciOiIzYTg5NzljIn0%3D\" href=\"https:\/\/www.poggioverrano.com\/wp-content\/uploads\/2025\/06\/5-1.png\">\n                            <img decoding=\"async\" src=\"https:\/\/www.poggioverrano.com\/wp-content\/uploads\/2025\/06\/5-1.png\"\n                                 alt=\"5\"\/>\n                            \n                        <\/a>\n                                            <\/div>\n                                    <div class=\"image-carousel-item grid-item swiper-slide\">\n                                                <a data-elementor-open-lightbox=\"yes\" data-elementor-lightbox-slideshow=\"3a8979c\" data-elementor-lightbox-title=\"Beige Marrone Naturale Disegnato a Mano Didattica Poster Verticale\" data-e-action-hash=\"#elementor-action%3Aaction%3Dlightbox%26settings%3DeyJpZCI6NzE4MiwidXJsIjoiaHR0cHM6XC9cL3d3dy5wb2dnaW92ZXJyYW5vLmNvbVwvd3AtY29udGVudFwvdXBsb2Fkc1wvMjAyNVwvMDZcL0JlaWdlLU1hcnJvbmUtTmF0dXJhbGUtRGlzZWduYXRvLWEtTWFuby1EaWRhdHRpY2EtUG9zdGVyLVZlcnRpY2FsZS5wbmciLCJzbGlkZXNob3ciOiIzYTg5NzljIn0%3D\" href=\"https:\/\/www.poggioverrano.com\/wp-content\/uploads\/2025\/06\/Beige-Marrone-Naturale-Disegnato-a-Mano-Didattica-Poster-Verticale.png\">\n                            <img decoding=\"async\" src=\"https:\/\/www.poggioverrano.com\/wp-content\/uploads\/2025\/06\/Beige-Marrone-Naturale-Disegnato-a-Mano-Didattica-Poster-Verticale.png\"\n                                 alt=\"Beige Marrone Naturale Disegnato a Mano Didattica Poster Verticale\"\/>\n                            \n                        <\/a>\n                                            <\/div>\n                \n            <\/div>\n        <\/div>\n                    <div class=\"swiper-pagination\"><\/div>\n                        \t\t\t\t<\/div>\n\t\t\t\t<\/div>\n\t\t\t\t\t<\/div>\n\t\t\t\t<\/div>\n\t\t<div class=\"elementor-element elementor-element-8c21e77 e-flex e-con-boxed e-con e-parent\" data-id=\"8c21e77\" data-element_type=\"container\">\n\t\t\t\t\t<div class=\"e-con-inner\">\n\t\t<div class=\"elementor-element elementor-element-82191e9 e-con-full e-flex elementor-invisible e-con e-child\" data-id=\"82191e9\" data-element_type=\"container\" data-settings=\"{&quot;background_background&quot;:&quot;classic&quot;,&quot;animation&quot;:&quot;opal-move-up&quot;}\">\n\t\t\t\t<div class=\"elementor-element elementor-element-7694016 elementor-invisible elementor-widget elementor-widget-heading\" data-id=\"7694016\" data-element_type=\"widget\" data-settings=\"{&quot;_animation&quot;:&quot;opal-move-up&quot;}\" data-widget_type=\"heading.default\">\n\t\t\t\t<div class=\"elementor-widget-container\">\n\t\t\t\t\t<h2 class=\"elementor-heading-title elementor-size-default\">Vini<br>Poggio Verrano<\/h2>\t\t\t\t<\/div>\n\t\t\t\t<\/div>\n\t\t<div class=\"elementor-element elementor-element-63b66f2 e-con-full e-flex e-con e-child\" data-id=\"63b66f2\" data-element_type=\"container\">\n\t\t\t\t<div class=\"elementor-element elementor-element-ca329db elementor-button-outline elementor-invisible elementor-widget elementor-widget-button\" data-id=\"ca329db\" data-element_type=\"widget\" data-settings=\"{&quot;_animation&quot;:&quot;opal-move-up&quot;}\" data-widget_type=\"button.default\">\n\t\t\t\t<div class=\"elementor-widget-container\">\n\t\t\t\t\t\t\t\t\t<div class=\"elementor-button-wrapper\">\n\t\t\t\t\t<a class=\"elementor-button elementor-button-link elementor-size-sm\" href=\"\/it\/vini\/\">\n\t\t\t\t\t\t<span class=\"elementor-button-content-wrapper\">\n\t\t\t\t\t\t<span class=\"elementor-button-icon\">\n\t\t\t\t<i aria-hidden=\"true\" class=\"asteno-icon- asteno-icon-angle-right\"><\/i>\t\t\t<\/span>\n\t\t\t\t\t\t\t\t\t<span class=\"elementor-button-text\">Torna ai vini<\/span>\n\t\t\t\t\t<\/span>\n\t\t\t\t\t<\/a>\n\t\t\t\t<\/div>\n\t\t\t\t\t\t\t\t<\/div>\n\t\t\t\t<\/div>\n\t\t\t\t<\/div>\n\t\t\t\t<\/div>\n\t\t\t\t\t<\/div>\n\t\t\t\t<\/div>\n\t\t\t\t<\/div>\n\t\t","protected":false},"excerpt":{"rendered":"<p>DR\u00d2MOS IGT TOSCANA ROSSO Vendemmia 2021 Il nome Dr\u00f2mos racchiude in s\u00e9 un significato profondo e suggestivo, ispirato alla parola di origine etrusca che indicava il corridoio d\u2019accesso ai locali sacri.&nbsp; \u00c8 un omaggio alle radici profonde della Maremma Toscana, un territorio dove il tempo sembra scorrere come un filo invisibile che lega passato e [&hellip;]<\/p>\n","protected":false},"author":2,"featured_media":0,"parent":0,"menu_order":0,"comment_status":"closed","ping_status":"closed","template":"","meta":{"footnotes":""},"class_list":["post-5810","page","type-page","status-publish","hentry"],"_links":{"self":[{"href":"https:\/\/www.poggioverrano.com\/it\/wp-json\/wp\/v2\/pages\/5810","targetHints":{"allow":["GET"]}}],"collection":[{"href":"https:\/\/www.poggioverrano.com\/it\/wp-json\/wp\/v2\/pages"}],"about":[{"href":"https:\/\/www.poggioverrano.com\/it\/wp-json\/wp\/v2\/types\/page"}],"author":[{"embeddable":true,"href":"https:\/\/www.poggioverrano.com\/it\/wp-json\/wp\/v2\/users\/2"}],"replies":[{"embeddable":true,"href":"https:\/\/www.poggioverrano.com\/it\/wp-json\/wp\/v2\/comments?post=5810"}],"version-history":[{"count":151,"href":"https:\/\/www.poggioverrano.com\/it\/wp-json\/wp\/v2\/pages\/5810\/revisions"}],"predecessor-version":[{"id":7557,"href":"https:\/\/www.poggioverrano.com\/it\/wp-json\/wp\/v2\/pages\/5810\/revisions\/7557"}],"wp:attachment":[{"href":"https:\/\/www.poggioverrano.com\/it\/wp-json\/wp\/v2\/media?parent=5810"}],"curies":[{"name":"wp","href":"https:\/\/api.w.org\/{rel}","templated":true}]}}